{"id":2245,"date":"2025-11-25T16:53:54","date_gmt":"2025-11-25T16:53:54","guid":{"rendered":"https:\/\/eurorankings.com\/dichiarazione-di-non-responsabilita\/"},"modified":"2026-02-24T15:57:24","modified_gmt":"2026-02-24T15:57:24","slug":"dichiarazione-di-non-responsabilita","status":"publish","type":"page","link":"https:\/\/eurorankings.com\/it\/dichiarazione-di-non-responsabilita\/","title":{"rendered":"Dichiarazione di non responsabilit\u00e0"},"content":{"rendered":"\n<!-- Legal document generated by Complianz | GDPR\/CCPA Cookie Consent https:\/\/wordpress.org\/plugins\/complianz-gdpr -->\n<div id=\"cmplz-document\" class=\"cmplz-document disclaimer cmplz-document-all\"><p>Eurorankings O\u00dc si impegna a mantenere questo sito aggiornato e accurato. Se dovessi comunque riscontrare qualcosa di incorretto o non aggiornato, ti saremmo grati se potessi farcelo sapere. Sei pregato di indicare in quale zona del sito web hai letto l&#8217;informazione. Lo esamineremo al pi\u00f9 presto. Invia la tua risposta via email a: <span class=\"cmplz-obfuscate\">&#101;u&#114;&#111;r&#097;&#110;k&#105;ngs@<span class=\"cmplz-fmail-domain\">e&#120;.&#099;o&#109;<\/span>&#101;&#117;&#114;o&#114;an&#107;in&#103;&#115;.c&#111;&#109;<\/span>.<\/p><p>Non siamo responsabili per la perdita a causa di inesattezze o incompletezza, n\u00e9 per la perdita derivante da problemi causati o inerenti alla diffusione di informazioni attraverso Internet, come disservizi o interruzioni. Quando si utilizzano i moduli Web, ci impegniamo a limitare al minimo il numero di campi obbligatori. Per qualsiasi perdita subita a causa dell&#8217;uso di dati, consigli o idee forniti da o per conto di Eurorankings O\u00dc tramite questo sito web, Eurorankings O\u00dc non si assume alcuna responsabilit\u00e0.<\/p><p>L&#8217;utilizzo del sito Web e di tutti i suoi componenti (inclusi i forum) \u00e8 soggetto alle <a href=\"https:\/\/eurorankings.com\/termos-de-uso\/\" target=\"_blank\">condizioni d&#8217;uso<\/a>. Il semplice utilizzo di questo sito web implica la conoscenza e l&#8217;accettazione di queste condizioni d&#8217;uso.<\/p><p>Le risposte e le domande sulla privacy inviate via e-mail o utilizzando un modulo web saranno trattate allo stesso modo delle lettere. Ci\u00f2 significa che \u00e8 possibile aspettarsi una risposta da noi entro un periodo di 1 mese al massimo. Nel caso di richieste complesse, ti faremo sapere entro 1 mese se abbiamo bisogno di un massimo di 3 mesi.<\/p><p>Qualsiasi dato personale che ci fornisci nel contesto della tua risposta o richiesta di informazioni verr\u00e0 utilizzato solo in conformit\u00e0 con la nostra dichiarazione sulla privacy.<\/p><p>Eurorankings O\u00dc deve fare tutto il possibile per proteggere il proprio sistema contro qualsiasi forma di uso illegale. Eurorankings O\u00dc deve implementare misure tecniche e organizzative per questo scopo, prendendo in considerazione, tra le altre cose, lo stato dell&#8217;arte. Tuttavia, non sar\u00e0 responsabile di alcuna perdita, diretta e\/o indiretta, subita da un utente del sito web, che si manifesta a seguito dell&#8217;uso illegale dei suoi sistemi da parte di terzi.<\/p><p>Eurorankings O\u00dc non si assume alcuna responsabilit\u00e0 per il contenuto dei siti Web a cui o da cui viene effettuato un collegamento ipertestuale o un altro riferimento. I prodotti o servizi offerti da terze parti sono soggetti ai termini e alle condizioni applicabili di terze parti.<\/p><p>I nostri dipendenti faranno di tutto per garantire l&#8217;accessibilit\u00e0 al sito web e di migliorarlo costantemente. Compreso per le persone che usano software speciali a causa di una disabilit\u00e0.<\/p><p>Questo sito web \u00e8 pertanto costruito seguendo le linee guida WCAG 2.1 di livello AA. Queste linee guida sono accordi riconosciuti internazionalmente sull&#8217;accessibilit\u00e0, sostenibilit\u00e0, intercambiabilit\u00e0 e reperibilit\u00e0 del sito web.<\/p><p>Tutti i diritti di propriet\u00e0 intellettuale sui contenuti di questo sito Web sono attribuiti a Eurorankings O\u00dc o a terzi che hanno inserito i contenuti loro stessi o da cui Eurorankings O\u00dc ha ottenuto una licenza utente.<\/p><p>La copia, la diffusione e qualsiasi altro uso di questi materiali non \u00e8 consentita senza il permesso scritto di Eurorankings O\u00dc, ad eccezione e solo nella misura in cui diversamente previsto dalle norme di legge obbligatoria (come il diritto di citazione), a meno che il contenuto specifico non indichi diversamente.<\/p><p>Se hai domande o problemi con l&#8217;accessibilit\u00e0 del sito web, non esitare a contattarci.<\/p><\/div>","protected":false},"excerpt":{"rendered":"","protected":false},"author":1,"featured_media":0,"parent":0,"menu_order":0,"comment_status":"closed","ping_status":"closed","template":"","meta":{"saved_in_kubio":false,"neve_meta_sidebar":"","neve_meta_container":"","neve_meta_enable_content_width":"","neve_meta_content_width":0,"neve_meta_title_alignment":"","neve_meta_author_avatar":"","neve_post_elements_order":"","neve_meta_disable_header":"","neve_meta_disable_footer":"","neve_meta_disable_title":"","footnotes":""},"class_list":["post-2245","page","type-page","status-publish","hentry"],"kubio_ai_page_context":{"short_desc":"","purpose":"general"},"_links":{"self":[{"href":"https:\/\/eurorankings.com\/it\/wp-json\/wp\/v2\/pages\/2245","targetHints":{"allow":["GET"]}}],"collection":[{"href":"https:\/\/eurorankings.com\/it\/wp-json\/wp\/v2\/pages"}],"about":[{"href":"https:\/\/eurorankings.com\/it\/wp-json\/wp\/v2\/types\/page"}],"author":[{"embeddable":true,"href":"https:\/\/eurorankings.com\/it\/wp-json\/wp\/v2\/users\/1"}],"replies":[{"embeddable":true,"href":"https:\/\/eurorankings.com\/it\/wp-json\/wp\/v2\/comments?post=2245"}],"version-history":[{"count":1,"href":"https:\/\/eurorankings.com\/it\/wp-json\/wp\/v2\/pages\/2245\/revisions"}],"predecessor-version":[{"id":2247,"href":"https:\/\/eurorankings.com\/it\/wp-json\/wp\/v2\/pages\/2245\/revisions\/2247"}],"wp:attachment":[{"href":"https:\/\/eurorankings.com\/it\/wp-json\/wp\/v2\/media?parent=2245"}],"curies":[{"name":"wp","href":"https:\/\/api.w.org\/{rel}","templated":true}]}}