{"id":2219,"date":"2025-11-25T16:53:54","date_gmt":"2025-11-25T16:53:54","guid":{"rendered":"https:\/\/eurorankings.com\/mentions-legales\/"},"modified":"2026-02-24T15:57:24","modified_gmt":"2026-02-24T15:57:24","slug":"mentions-legales","status":"publish","type":"page","link":"https:\/\/eurorankings.com\/fr\/mentions-legales\/","title":{"rendered":"Mentions l\u00e9gales"},"content":{"rendered":"\n<!-- Legal document generated by Complianz | GDPR\/CCPA Cookie Consent https:\/\/wordpress.org\/plugins\/complianz-gdpr -->\n<div id=\"cmplz-document\" class=\"cmplz-document impressum cmplz-document-all\"><p><i>Cette imprint a \u00e9t\u00e9 mise \u00e0 jour pour la derni\u00e8re fois le 24 f\u00e9vrier 2026.<\/i><\/p><p class=\"cmplz-subtitle\">Le propri\u00e9taire de ce site web est\u00a0:<\/p><p>Eurorankings O\u00dc O\u00dc<br>Tallinn<br>Estonie<br>E-mail\u00a0:&nbsp;<span class=\"cmplz-obfuscate\">&#101;&#117;&#114;&#111;ra&#110;&#107;i&#110;gs@<span class=\"cmplz-fmail-domain\">&#101;x.&#099;&#111;&#109;<\/span>&#101;u&#114;&#111;ra&#110;ki&#110;&#103;s.c&#111;m<\/span><br>Num\u00e9ro de t\u00e9l\u00e9phone\u00a0: +3726991416<br>ID TVA\u00a0:&nbsp;17284740<\/p><p class=\"cmplz-subtitle\">Le(s) repr\u00e9sentant(s) l\u00e9gal(aux) de Eurorankings O\u00dc O\u00dc\u00a0:<\/p><p>NM<\/p><h2>1. G\u00e9n\u00e9ral<\/h2><p>Nous ne sommes ni dispos\u00e9s ni oblig\u00e9s de participer \u00e0 des proc\u00e9dures de r\u00e8glement des litiges devant une commission d\u2019arbitrage des consommateurs.<\/p><h2>2. Les informations suivantes sont obligatoires selon la loi allemande.<\/h2><p class=\"cmplz-subtitle\">2.1 Die Eigentumsanteile der Gesellschaft (Aktienkapital), die von ihr ausgegeben wurden:<\/p><p>10000<\/p><\/div>","protected":false},"excerpt":{"rendered":"","protected":false},"author":1,"featured_media":0,"parent":0,"menu_order":0,"comment_status":"closed","ping_status":"closed","template":"","meta":{"saved_in_kubio":false,"neve_meta_sidebar":"","neve_meta_container":"","neve_meta_enable_content_width":"","neve_meta_content_width":0,"neve_meta_title_alignment":"","neve_meta_author_avatar":"","neve_post_elements_order":"","neve_meta_disable_header":"","neve_meta_disable_footer":"","neve_meta_disable_title":"","footnotes":""},"class_list":["post-2219","page","type-page","status-publish","hentry"],"kubio_ai_page_context":{"short_desc":"","purpose":"general"},"_links":{"self":[{"href":"https:\/\/eurorankings.com\/fr\/wp-json\/wp\/v2\/pages\/2219","targetHints":{"allow":["GET"]}}],"collection":[{"href":"https:\/\/eurorankings.com\/fr\/wp-json\/wp\/v2\/pages"}],"about":[{"href":"https:\/\/eurorankings.com\/fr\/wp-json\/wp\/v2\/types\/page"}],"author":[{"embeddable":true,"href":"https:\/\/eurorankings.com\/fr\/wp-json\/wp\/v2\/users\/1"}],"replies":[{"embeddable":true,"href":"https:\/\/eurorankings.com\/fr\/wp-json\/wp\/v2\/comments?post=2219"}],"version-history":[{"count":1,"href":"https:\/\/eurorankings.com\/fr\/wp-json\/wp\/v2\/pages\/2219\/revisions"}],"predecessor-version":[{"id":2221,"href":"https:\/\/eurorankings.com\/fr\/wp-json\/wp\/v2\/pages\/2219\/revisions\/2221"}],"wp:attachment":[{"href":"https:\/\/eurorankings.com\/fr\/wp-json\/wp\/v2\/media?parent=2219"}],"curies":[{"name":"wp","href":"https:\/\/api.w.org\/{rel}","templated":true}]}}