{"id":2211,"date":"2025-11-25T16:53:54","date_gmt":"2025-11-25T16:53:54","guid":{"rendered":"https:\/\/eurorankings.com\/pie-de-imprenta\/"},"modified":"2026-02-24T15:57:23","modified_gmt":"2026-02-24T15:57:23","slug":"pie-de-imprenta","status":"publish","type":"page","link":"https:\/\/eurorankings.com\/es\/pie-de-imprenta\/","title":{"rendered":"Pie de imprenta"},"content":{"rendered":"\n<!-- Legal document generated by Complianz | GDPR\/CCPA Cookie Consent https:\/\/wordpress.org\/plugins\/complianz-gdpr -->\n<div id=\"cmplz-document\" class=\"cmplz-document impressum cmplz-document-all\"><p><i>Este aviso legal \/ imprint fue actualizado por \u00faltima vez el 24 de febrero de 2026.<\/i><\/p><p class=\"cmplz-subtitle\">El propietario de esta web es:<\/p><p>Eurorankings O\u00dc O\u00dc<br>Tallinn<br>Estonia<br>Correo electr\u00f3nico:&nbsp;<span class=\"cmplz-obfuscate\">&#101;u&#114;&#111;&#114;anki&#110;g&#115;@<span class=\"cmplz-fmail-domain\">&#101;&#120;.&#099;o&#109;<\/span>&#101;uror&#097;n&#107;&#105;&#110;gs.&#099;o&#109;<\/span><br>N\u00famero de tel\u00e9fono: +3726991416<br>CIF (N\u00famero de IVA):&nbsp;17284740<\/p><p class=\"cmplz-subtitle\">El\/Los representante\/s legal\/es de Eurorankings O\u00dc O\u00dc:<\/p><p>NM<\/p><h2>1. General<\/h2><p>No estamos dispuestos ni obligados a participar en procedimientos de resoluci\u00f3n de conflictos ante una junta de arbitraje de consumo.<\/p><h2>2. La siguiente informaci\u00f3n es obligatoria seg\u00fan la legislaci\u00f3n alemana.<\/h2><p class=\"cmplz-subtitle\">2.1 Die Eigentumsanteile der Gesellschaft (Aktienkapital), die von ihr ausgegeben wurden:<\/p><p>10000<\/p><\/div>","protected":false},"excerpt":{"rendered":"","protected":false},"author":1,"featured_media":0,"parent":0,"menu_order":0,"comment_status":"closed","ping_status":"closed","template":"","meta":{"saved_in_kubio":false,"neve_meta_sidebar":"","neve_meta_container":"","neve_meta_enable_content_width":"","neve_meta_content_width":0,"neve_meta_title_alignment":"","neve_meta_author_avatar":"","neve_post_elements_order":"","neve_meta_disable_header":"","neve_meta_disable_footer":"","neve_meta_disable_title":"","footnotes":""},"class_list":["post-2211","page","type-page","status-publish","hentry"],"kubio_ai_page_context":{"short_desc":"","purpose":"general"},"_links":{"self":[{"href":"https:\/\/eurorankings.com\/es\/wp-json\/wp\/v2\/pages\/2211","targetHints":{"allow":["GET"]}}],"collection":[{"href":"https:\/\/eurorankings.com\/es\/wp-json\/wp\/v2\/pages"}],"about":[{"href":"https:\/\/eurorankings.com\/es\/wp-json\/wp\/v2\/types\/page"}],"author":[{"embeddable":true,"href":"https:\/\/eurorankings.com\/es\/wp-json\/wp\/v2\/users\/1"}],"replies":[{"embeddable":true,"href":"https:\/\/eurorankings.com\/es\/wp-json\/wp\/v2\/comments?post=2211"}],"version-history":[{"count":1,"href":"https:\/\/eurorankings.com\/es\/wp-json\/wp\/v2\/pages\/2211\/revisions"}],"predecessor-version":[{"id":2213,"href":"https:\/\/eurorankings.com\/es\/wp-json\/wp\/v2\/pages\/2211\/revisions\/2213"}],"wp:attachment":[{"href":"https:\/\/eurorankings.com\/es\/wp-json\/wp\/v2\/media?parent=2211"}],"curies":[{"name":"wp","href":"https:\/\/api.w.org\/{rel}","templated":true}]}}